{"id":8,"date":"2023-07-31T15:00:36","date_gmt":"2023-07-31T13:00:36","guid":{"rendered":"https:\/\/goux-bd.fr\/?page_id=8"},"modified":"2025-01-11T18:57:43","modified_gmt":"2025-01-11T17:57:43","slug":"accueil","status":"publish","type":"page","link":"https:\/\/gouxbd.com\/index.php\/accueil\/","title":{"rendered":"Bienvenue"},"content":{"rendered":"\n<p>Bienvenue sur le nouveau site officiel de Christian Goux ! <\/p>\n\n\n\n<p>Meilleurs v\u0153ux avec cette carte inspir\u00e9e de mon autobiographie dessin\u00e9e \u00ab\u00a0Caf\u00e9 du rond Point\u00a0\u00bb. Et bient\u00f4t \u00e0 para\u00eetre \u00ab\u00a0Poil de carotte\u00a0\u00bb, d&rsquo;apr\u00e8s Jules Renard, aux \u00e9ditions Regards.<\/p>\n\n\n\n<div class=\"wp-block-media-text is-stacked-on-mobile\"><figure class=\"wp-block-media-text__media\"><img loading=\"lazy\" decoding=\"async\" width=\"523\" height=\"720\" src=\"https:\/\/gouxbd.com\/wp-content\/uploads\/2025\/01\/VOEUX-GOUX-2025.jpg\" alt=\"\" class=\"wp-image-981 size-full\" srcset=\"https:\/\/gouxbd.com\/wp-content\/uploads\/2025\/01\/VOEUX-GOUX-2025.jpg 523w, https:\/\/gouxbd.com\/wp-content\/uploads\/2025\/01\/VOEUX-GOUX-2025-218x300.jpg 218w\" sizes=\"(max-width: 523px) 100vw, 523px\" \/><\/figure><div class=\"wp-block-media-text__content\">\n<blockquote class=\"wp-block-quote is-layout-flow wp-block-quote-is-layout-flow\">\n<p>Meilleurs voeux pour cette nouvelle ann\u00e9e 2025 ! <\/p>\n\n\n\n<p>Sur ce nouveau site, vous d\u00e9couvrirez des nouveaut\u00e9s, comme <em>Poil de carotte<\/em>, d&rsquo;apr\u00e8s Jules Renard.<\/p>\n\n\n\n<p>Mais aussi, \u00ab\u00a0Aventuriers et explorateurs\u00a0\u00bb, en 3 tomes. S\u00e9rie \u00e9dit\u00e9e aux \u00e9ditions du Triomphe. Mais aussi ses derni\u00e8res BD de jeunesse \u00e9dit\u00e9es chez Regards.<\/p>\n\n\n\n<p>Nouveau site, donc, qui retrace pr\u00e8s de 60 ans de carri\u00e8re !<\/p>\n<\/blockquote>\n<\/div><\/div>\n\n\n\n<p><\/p>\n\n\n\n<p><\/p>\n\n\n\n<p>En 2022, les \u00e9ditions Fleurus reprennent le fleuron en rachetant les \u00e9ditions du Triomphe, et diffusent les albums de Goux dans les bacs grand public, tout comme les pr\u00e9c\u00e9dents albums : \u00ab\u00a0Les ch\u00e2teaux fort\u00a0\u00bb, \u00ab\u00a0Avec Saint-Louis\u00a0\u00bb, \u00ab\u00a0Avec Saint C\u00e9saire\u00a0\u00bb, et \u00ab&nbsp;L\u2019Histoire de l\u2019art en BD&nbsp;\u00bb (5 tomes), les BD historiques sur la premi\u00e8re puis la seconde Guerre Mondiale (3 tomes), toujours racont\u00e9es aux enfants. Et enfin, les biographies et voyages des grands explorateurs (3 tomes), pour petits et grands.<\/p>\n\n\n\n<p><\/p>\n\n\n\n<div class=\"wp-block-media-text has-media-on-the-right is-stacked-on-mobile\"><div class=\"wp-block-media-text__content\">\n<p><\/p>\n\n\n\n<blockquote class=\"wp-block-quote is-layout-flow wp-block-quote-is-layout-flow\">\n<p>Aujourd&rsquo;hui, \u00ab&nbsp;Caf\u00e9 du rond point&nbsp;\u00bb avance bien. Voici les derniers crayonn\u00e9s pour le nouvel album autobiographique : la vie d&rsquo;un gamin \u00e9lev\u00e9 dans un caf\u00e9 dans les 50&rsquo;s.<\/p>\n<\/blockquote>\n<\/div><figure class=\"wp-block-media-text__media\"><img loading=\"lazy\" decoding=\"async\" width=\"725\" height=\"1023\" src=\"https:\/\/gouxbd.com\/wp-content\/uploads\/2023\/08\/web1-detail-cafe-du-rond-point_619.jpg\" alt=\"\" class=\"wp-image-71 size-full\"\/><\/figure><\/div>\n","protected":false},"excerpt":{"rendered":"<p>Bienvenue sur le nouveau site officiel de Christian Goux ! Meilleurs v\u0153ux avec cette carte inspir\u00e9e de mon autobiographie dessin\u00e9e \u00ab\u00a0Caf\u00e9 du rond Point\u00a0\u00bb. Et bient\u00f4t \u00e0 para\u00eetre \u00ab\u00a0Poil de carotte\u00a0\u00bb, d&rsquo;apr\u00e8s Jules Renard, aux \u00e9ditions Regards. En 2022, les \u00e9ditions Fleurus reprennent le fleuron en rachetant les \u00e9ditions du Triomphe, et diffusent les albums [&hellip;]<\/p>\n","protected":false},"author":2,"featured_media":0,"parent":0,"menu_order":9,"comment_status":"closed","ping_status":"closed","template":"","meta":{"footnotes":""},"yoast_head":"<!-- This site is optimized with the Yoast SEO plugin v21.5 - https:\/\/yoast.com\/wordpress\/plugins\/seo\/ -->\n<title>Bienvenue - Christian Goux<\/title>\n<meta name=\"robots\" content=\"index, follow, max-snippet:-1, max-image-preview:large, max-video-preview:-1\" \/>\n<link rel=\"canonical\" href=\"https:\/\/gouxbd.com\/index.php\/accueil\/\" \/>\n<meta property=\"og:locale\" content=\"fr_FR\" \/>\n<meta property=\"og:type\" content=\"article\" \/>\n<meta property=\"og:title\" content=\"Bienvenue - Christian Goux\" \/>\n<meta property=\"og:description\" content=\"Bienvenue sur le nouveau site officiel de Christian Goux ! Meilleurs v\u0153ux avec cette carte inspir\u00e9e de mon autobiographie dessin\u00e9e \u00ab\u00a0Caf\u00e9 du rond Point\u00a0\u00bb. Et bient\u00f4t \u00e0 para\u00eetre \u00ab\u00a0Poil de carotte\u00a0\u00bb, d&rsquo;apr\u00e8s Jules Renard, aux \u00e9ditions Regards. En 2022, les \u00e9ditions Fleurus reprennent le fleuron en rachetant les \u00e9ditions du Triomphe, et diffusent les albums [&hellip;]\" \/>\n<meta property=\"og:url\" content=\"https:\/\/gouxbd.com\/index.php\/accueil\/\" \/>\n<meta property=\"og:site_name\" content=\"Christian Goux\" \/>\n<meta property=\"article:modified_time\" content=\"2025-01-11T17:57:43+00:00\" \/>\n<meta property=\"og:image\" content=\"https:\/\/gouxbd.com\/wp-content\/uploads\/2025\/01\/VOEUX-GOUX-2025.jpg\" \/>\n<meta name=\"twitter:card\" content=\"summary_large_image\" \/>\n<meta name=\"twitter:label1\" content=\"Dur\u00e9e de lecture estim\u00e9e\" \/>\n\t<meta name=\"twitter:data1\" content=\"1 minute\" \/>\n<script type=\"application\/ld+json\" class=\"yoast-schema-graph\">{\"@context\":\"https:\/\/schema.org\",\"@graph\":[{\"@type\":\"WebPage\",\"@id\":\"https:\/\/gouxbd.com\/index.php\/accueil\/\",\"url\":\"https:\/\/gouxbd.com\/index.php\/accueil\/\",\"name\":\"Bienvenue - Christian Goux\",\"isPartOf\":{\"@id\":\"https:\/\/gouxbd.com\/#website\"},\"datePublished\":\"2023-07-31T13:00:36+00:00\",\"dateModified\":\"2025-01-11T17:57:43+00:00\",\"breadcrumb\":{\"@id\":\"https:\/\/gouxbd.com\/index.php\/accueil\/#breadcrumb\"},\"inLanguage\":\"fr-FR\",\"potentialAction\":[{\"@type\":\"ReadAction\",\"target\":[\"https:\/\/gouxbd.com\/index.php\/accueil\/\"]}]},{\"@type\":\"BreadcrumbList\",\"@id\":\"https:\/\/gouxbd.com\/index.php\/accueil\/#breadcrumb\",\"itemListElement\":[{\"@type\":\"ListItem\",\"position\":1,\"name\":\"Accueil\",\"item\":\"https:\/\/gouxbd.com\/\"},{\"@type\":\"ListItem\",\"position\":2,\"name\":\"Bienvenue\"}]},{\"@type\":\"WebSite\",\"@id\":\"https:\/\/gouxbd.com\/#website\",\"url\":\"https:\/\/gouxbd.com\/\",\"name\":\"Christian Goux\",\"description\":\"Le site officiel de Christian Goux - Albums BD\",\"publisher\":{\"@id\":\"https:\/\/gouxbd.com\/#organization\"},\"potentialAction\":[{\"@type\":\"SearchAction\",\"target\":{\"@type\":\"EntryPoint\",\"urlTemplate\":\"https:\/\/gouxbd.com\/?s={search_term_string}\"},\"query-input\":\"required name=search_term_string\"}],\"inLanguage\":\"fr-FR\"},{\"@type\":\"Organization\",\"@id\":\"https:\/\/gouxbd.com\/#organization\",\"name\":\"Christian Goux\",\"url\":\"https:\/\/gouxbd.com\/\",\"logo\":{\"@type\":\"ImageObject\",\"inLanguage\":\"fr-FR\",\"@id\":\"https:\/\/gouxbd.com\/#\/schema\/logo\/image\/\",\"url\":\"https:\/\/gouxbd.com\/wp-content\/uploads\/2024\/01\/cropped-logo_goux_detoure_hd_2024-1.png\",\"contentUrl\":\"https:\/\/gouxbd.com\/wp-content\/uploads\/2024\/01\/cropped-logo_goux_detoure_hd_2024-1.png\",\"width\":57,\"height\":90,\"caption\":\"Christian Goux\"},\"image\":{\"@id\":\"https:\/\/gouxbd.com\/#\/schema\/logo\/image\/\"}}]}<\/script>\n<!-- \/ Yoast SEO plugin. -->","yoast_head_json":{"title":"Bienvenue - Christian Goux","robots":{"index":"index","follow":"follow","max-snippet":"max-snippet:-1","max-image-preview":"max-image-preview:large","max-video-preview":"max-video-preview:-1"},"canonical":"https:\/\/gouxbd.com\/index.php\/accueil\/","og_locale":"fr_FR","og_type":"article","og_title":"Bienvenue - Christian Goux","og_description":"Bienvenue sur le nouveau site officiel de Christian Goux ! Meilleurs v\u0153ux avec cette carte inspir\u00e9e de mon autobiographie dessin\u00e9e \u00ab\u00a0Caf\u00e9 du rond Point\u00a0\u00bb. Et bient\u00f4t \u00e0 para\u00eetre \u00ab\u00a0Poil de carotte\u00a0\u00bb, d&rsquo;apr\u00e8s Jules Renard, aux \u00e9ditions Regards. En 2022, les \u00e9ditions Fleurus reprennent le fleuron en rachetant les \u00e9ditions du Triomphe, et diffusent les albums [&hellip;]","og_url":"https:\/\/gouxbd.com\/index.php\/accueil\/","og_site_name":"Christian Goux","article_modified_time":"2025-01-11T17:57:43+00:00","og_image":[{"url":"https:\/\/gouxbd.com\/wp-content\/uploads\/2025\/01\/VOEUX-GOUX-2025.jpg"}],"twitter_card":"summary_large_image","twitter_misc":{"Dur\u00e9e de lecture estim\u00e9e":"1 minute"},"schema":{"@context":"https:\/\/schema.org","@graph":[{"@type":"WebPage","@id":"https:\/\/gouxbd.com\/index.php\/accueil\/","url":"https:\/\/gouxbd.com\/index.php\/accueil\/","name":"Bienvenue - Christian Goux","isPartOf":{"@id":"https:\/\/gouxbd.com\/#website"},"datePublished":"2023-07-31T13:00:36+00:00","dateModified":"2025-01-11T17:57:43+00:00","breadcrumb":{"@id":"https:\/\/gouxbd.com\/index.php\/accueil\/#breadcrumb"},"inLanguage":"fr-FR","potentialAction":[{"@type":"ReadAction","target":["https:\/\/gouxbd.com\/index.php\/accueil\/"]}]},{"@type":"BreadcrumbList","@id":"https:\/\/gouxbd.com\/index.php\/accueil\/#breadcrumb","itemListElement":[{"@type":"ListItem","position":1,"name":"Accueil","item":"https:\/\/gouxbd.com\/"},{"@type":"ListItem","position":2,"name":"Bienvenue"}]},{"@type":"WebSite","@id":"https:\/\/gouxbd.com\/#website","url":"https:\/\/gouxbd.com\/","name":"Christian Goux","description":"Le site officiel de Christian Goux - Albums BD","publisher":{"@id":"https:\/\/gouxbd.com\/#organization"},"potentialAction":[{"@type":"SearchAction","target":{"@type":"EntryPoint","urlTemplate":"https:\/\/gouxbd.com\/?s={search_term_string}"},"query-input":"required name=search_term_string"}],"inLanguage":"fr-FR"},{"@type":"Organization","@id":"https:\/\/gouxbd.com\/#organization","name":"Christian Goux","url":"https:\/\/gouxbd.com\/","logo":{"@type":"ImageObject","inLanguage":"fr-FR","@id":"https:\/\/gouxbd.com\/#\/schema\/logo\/image\/","url":"https:\/\/gouxbd.com\/wp-content\/uploads\/2024\/01\/cropped-logo_goux_detoure_hd_2024-1.png","contentUrl":"https:\/\/gouxbd.com\/wp-content\/uploads\/2024\/01\/cropped-logo_goux_detoure_hd_2024-1.png","width":57,"height":90,"caption":"Christian Goux"},"image":{"@id":"https:\/\/gouxbd.com\/#\/schema\/logo\/image\/"}}]}},"_links":{"self":[{"href":"https:\/\/gouxbd.com\/index.php\/wp-json\/wp\/v2\/pages\/8"}],"collection":[{"href":"https:\/\/gouxbd.com\/index.php\/wp-json\/wp\/v2\/pages"}],"about":[{"href":"https:\/\/gouxbd.com\/index.php\/wp-json\/wp\/v2\/types\/page"}],"author":[{"embeddable":true,"href":"https:\/\/gouxbd.com\/index.php\/wp-json\/wp\/v2\/users\/2"}],"replies":[{"embeddable":true,"href":"https:\/\/gouxbd.com\/index.php\/wp-json\/wp\/v2\/comments?post=8"}],"version-history":[{"count":27,"href":"https:\/\/gouxbd.com\/index.php\/wp-json\/wp\/v2\/pages\/8\/revisions"}],"predecessor-version":[{"id":985,"href":"https:\/\/gouxbd.com\/index.php\/wp-json\/wp\/v2\/pages\/8\/revisions\/985"}],"wp:attachment":[{"href":"https:\/\/gouxbd.com\/index.php\/wp-json\/wp\/v2\/media?parent=8"}],"curies":[{"name":"wp","href":"https:\/\/api.w.org\/{rel}","templated":true}]}}