{"id":172,"date":"2023-09-02T23:11:02","date_gmt":"2023-09-02T21:11:02","guid":{"rendered":"https:\/\/goux-bd.fr\/?page_id=172"},"modified":"2024-03-24T20:38:30","modified_gmt":"2024-03-24T19:38:30","slug":"a-paraitre","status":"publish","type":"page","link":"https:\/\/gouxbd.com\/index.php\/a-paraitre\/","title":{"rendered":"Nouveaut\u00e9 BD"},"content":{"rendered":"\n<h1 class=\"wp-block-heading\">Poil de Carotte, d&rsquo;apr\u00e8s Jules Renard<\/h1>\n\n\n\n<p>\u00ab\u00a0Poil de Carotte\u00a0\u00bb, d&rsquo;apr\u00e8s Jules Renard, \u00e9dit\u00e9 chez Regards 2024 : 44 pages couleurs<\/p>\n\n\n\n<blockquote class=\"wp-block-quote is-layout-flow wp-block-quote-is-layout-flow\">\n<p>\u00ab\u00a0<em><strong>Poil de Carotte<\/strong><\/em>&nbsp;est une longue nouvelle ou un&nbsp;<a href=\"https:\/\/fr.wikipedia.org\/wiki\/Roman_(litt%C3%A9rature)\">roman<\/a>&nbsp;<a href=\"https:\/\/fr.wikipedia.org\/wiki\/Autobiographie\">autobiographique<\/a>&nbsp;de&nbsp;<a href=\"https:\/\/fr.wikipedia.org\/wiki\/Jules_Renard\">Jules Renard<\/a>&nbsp;publi\u00e9e en&nbsp;<a href=\"https:\/\/fr.wikipedia.org\/wiki\/1894_en_litt%C3%A9rature\">1894<\/a>, qui raconte l&rsquo;enfance et les d\u00e9boires d&rsquo;un gar\u00e7on&nbsp;<a href=\"https:\/\/fr.wikipedia.org\/wiki\/Rousseur\">roux<\/a>&nbsp;mal-aim\u00e9.\u00a0\u00bb<\/p>\n<cite><a href=\"https:\/\/fr.wikipedia.org\/wiki\/Poil_de_Carotte\">https:\/\/fr.wikipedia.org\/wiki\/Poil_de_Carotte<\/a><\/cite><\/blockquote>\n\n\n\n<ul>\n<li>Jean-Paul Tib\u00e9ri &#8211; Association Regards<\/li>\n\n\n\n<li>T\u00e9l\u00e9phone : +33 5 63 73 02 76<\/li>\n<\/ul>\n\n\n\n<p><a href=\"https:\/\/bdoubliees.com\/editeurs\/regards.html\">https:\/\/bdoubliees.com\/editeurs\/regards.html<\/a><\/p>\n\n\n\n<p><a href=\"https:\/\/www.bedetheque.com\/serie-88144-BD-Poil-de-Carotte-Goux.html\">https:\/\/www.bedetheque.com\/serie-88144-BD-Poil-de-Carotte-Goux.html<\/a><\/p>\n\n\n\n<p><a href=\"https:\/\/www.bedetheque.com\/BD-Poil-de-Carotte-Goux-Poil-de-Carotte-494312.html\">https:\/\/www.bedetheque.com\/BD-Poil-de-Carotte-Goux-Poil-de-Carotte-494312.html<\/a><\/p>\n\n\n\n<div class=\"wp-block-group alignwide has-small-font-size\"><div class=\"wp-block-group__inner-container is-layout-constrained wp-block-group-is-layout-constrained\">\n<blockquote class=\"wp-block-quote has-medium-font-size is-layout-flow wp-block-quote-is-layout-flow\">\n<p class=\"has-medium-font-size\"><strong>A para\u00eetre <\/strong>: \u00ab\u00a0Ubu Roi\u00a0\u00bb, d&rsquo;apr\u00e8s Alfred Jarry<\/p>\n\n\n\n<p class=\"has-medium-font-size\">\u00ab\u00a0Le petit mus\u00e9e de Sylvestre et Caroline\u00a0\u00bb<br><\/p>\n<\/blockquote>\n<\/div><\/div>\n\n\n\n<p><\/p>\n\n\n\n<p><\/p>\n","protected":false},"excerpt":{"rendered":"<p>Poil de Carotte, d&rsquo;apr\u00e8s Jules Renard \u00ab\u00a0Poil de Carotte\u00a0\u00bb, d&rsquo;apr\u00e8s Jules Renard, \u00e9dit\u00e9 chez Regards 2024 : 44 pages couleurs \u00ab\u00a0Poil de Carotte&nbsp;est une longue nouvelle ou un&nbsp;roman&nbsp;autobiographique&nbsp;de&nbsp;Jules Renard&nbsp;publi\u00e9e en&nbsp;1894, qui raconte l&rsquo;enfance et les d\u00e9boires d&rsquo;un gar\u00e7on&nbsp;roux&nbsp;mal-aim\u00e9.\u00a0\u00bb https:\/\/fr.wikipedia.org\/wiki\/Poil_de_Carotte https:\/\/bdoubliees.com\/editeurs\/regards.html https:\/\/www.bedetheque.com\/serie-88144-BD-Poil-de-Carotte-Goux.html https:\/\/www.bedetheque.com\/BD-Poil-de-Carotte-Goux-Poil-de-Carotte-494312.html A para\u00eetre : \u00ab\u00a0Ubu Roi\u00a0\u00bb, d&rsquo;apr\u00e8s Alfred Jarry \u00ab\u00a0Le petit mus\u00e9e de Sylvestre [&hellip;]<\/p>\n","protected":false},"author":2,"featured_media":953,"parent":0,"menu_order":3,"comment_status":"closed","ping_status":"closed","template":"","meta":{"footnotes":""},"yoast_head":"<!-- This site is optimized with the Yoast SEO plugin v21.5 - https:\/\/yoast.com\/wordpress\/plugins\/seo\/ -->\n<title>Nouveaut\u00e9 BD - Christian Goux<\/title>\n<meta name=\"robots\" content=\"index, follow, max-snippet:-1, max-image-preview:large, max-video-preview:-1\" \/>\n<link rel=\"canonical\" href=\"https:\/\/gouxbd.com\/index.php\/a-paraitre\/\" \/>\n<meta property=\"og:locale\" content=\"fr_FR\" \/>\n<meta property=\"og:type\" content=\"article\" \/>\n<meta property=\"og:title\" content=\"Nouveaut\u00e9 BD - Christian Goux\" \/>\n<meta property=\"og:description\" content=\"Poil de Carotte, d&rsquo;apr\u00e8s Jules Renard \u00ab\u00a0Poil de Carotte\u00a0\u00bb, d&rsquo;apr\u00e8s Jules Renard, \u00e9dit\u00e9 chez Regards 2024 : 44 pages couleurs \u00ab\u00a0Poil de Carotte&nbsp;est une longue nouvelle ou un&nbsp;roman&nbsp;autobiographique&nbsp;de&nbsp;Jules Renard&nbsp;publi\u00e9e en&nbsp;1894, qui raconte l&rsquo;enfance et les d\u00e9boires d&rsquo;un gar\u00e7on&nbsp;roux&nbsp;mal-aim\u00e9.\u00a0\u00bb https:\/\/fr.wikipedia.org\/wiki\/Poil_de_Carotte https:\/\/bdoubliees.com\/editeurs\/regards.html https:\/\/www.bedetheque.com\/serie-88144-BD-Poil-de-Carotte-Goux.html https:\/\/www.bedetheque.com\/BD-Poil-de-Carotte-Goux-Poil-de-Carotte-494312.html A para\u00eetre : \u00ab\u00a0Ubu Roi\u00a0\u00bb, d&rsquo;apr\u00e8s Alfred Jarry \u00ab\u00a0Le petit mus\u00e9e de Sylvestre [&hellip;]\" \/>\n<meta property=\"og:url\" content=\"https:\/\/gouxbd.com\/index.php\/a-paraitre\/\" \/>\n<meta property=\"og:site_name\" content=\"Christian Goux\" \/>\n<meta property=\"article:modified_time\" content=\"2024-03-24T19:38:30+00:00\" \/>\n<meta property=\"og:image\" content=\"https:\/\/gouxbd.com\/wp-content\/uploads\/2024\/03\/Couverture-Poil-de-carotte-Christian-Goux.jpg\" \/>\n\t<meta property=\"og:image:width\" content=\"682\" \/>\n\t<meta property=\"og:image:height\" content=\"1018\" \/>\n\t<meta property=\"og:image:type\" content=\"image\/jpeg\" \/>\n<meta name=\"twitter:card\" content=\"summary_large_image\" \/>\n<meta name=\"twitter:label1\" content=\"Dur\u00e9e de lecture estim\u00e9e\" \/>\n\t<meta name=\"twitter:data1\" content=\"1 minute\" \/>\n<script type=\"application\/ld+json\" class=\"yoast-schema-graph\">{\"@context\":\"https:\/\/schema.org\",\"@graph\":[{\"@type\":\"WebPage\",\"@id\":\"https:\/\/gouxbd.com\/index.php\/a-paraitre\/\",\"url\":\"https:\/\/gouxbd.com\/index.php\/a-paraitre\/\",\"name\":\"Nouveaut\u00e9 BD - Christian Goux\",\"isPartOf\":{\"@id\":\"https:\/\/gouxbd.com\/#website\"},\"datePublished\":\"2023-09-02T21:11:02+00:00\",\"dateModified\":\"2024-03-24T19:38:30+00:00\",\"breadcrumb\":{\"@id\":\"https:\/\/gouxbd.com\/index.php\/a-paraitre\/#breadcrumb\"},\"inLanguage\":\"fr-FR\",\"potentialAction\":[{\"@type\":\"ReadAction\",\"target\":[\"https:\/\/gouxbd.com\/index.php\/a-paraitre\/\"]}]},{\"@type\":\"BreadcrumbList\",\"@id\":\"https:\/\/gouxbd.com\/index.php\/a-paraitre\/#breadcrumb\",\"itemListElement\":[{\"@type\":\"ListItem\",\"position\":1,\"name\":\"Accueil\",\"item\":\"https:\/\/gouxbd.com\/\"},{\"@type\":\"ListItem\",\"position\":2,\"name\":\"Nouveaut\u00e9 BD\"}]},{\"@type\":\"WebSite\",\"@id\":\"https:\/\/gouxbd.com\/#website\",\"url\":\"https:\/\/gouxbd.com\/\",\"name\":\"Christian Goux\",\"description\":\"Le site officiel de Christian Goux - Albums BD\",\"publisher\":{\"@id\":\"https:\/\/gouxbd.com\/#organization\"},\"potentialAction\":[{\"@type\":\"SearchAction\",\"target\":{\"@type\":\"EntryPoint\",\"urlTemplate\":\"https:\/\/gouxbd.com\/?s={search_term_string}\"},\"query-input\":\"required name=search_term_string\"}],\"inLanguage\":\"fr-FR\"},{\"@type\":\"Organization\",\"@id\":\"https:\/\/gouxbd.com\/#organization\",\"name\":\"Christian Goux\",\"url\":\"https:\/\/gouxbd.com\/\",\"logo\":{\"@type\":\"ImageObject\",\"inLanguage\":\"fr-FR\",\"@id\":\"https:\/\/gouxbd.com\/#\/schema\/logo\/image\/\",\"url\":\"https:\/\/gouxbd.com\/wp-content\/uploads\/2024\/01\/cropped-logo_goux_detoure_hd_2024-1.png\",\"contentUrl\":\"https:\/\/gouxbd.com\/wp-content\/uploads\/2024\/01\/cropped-logo_goux_detoure_hd_2024-1.png\",\"width\":57,\"height\":90,\"caption\":\"Christian Goux\"},\"image\":{\"@id\":\"https:\/\/gouxbd.com\/#\/schema\/logo\/image\/\"}}]}<\/script>\n<!-- \/ Yoast SEO plugin. -->","yoast_head_json":{"title":"Nouveaut\u00e9 BD - Christian Goux","robots":{"index":"index","follow":"follow","max-snippet":"max-snippet:-1","max-image-preview":"max-image-preview:large","max-video-preview":"max-video-preview:-1"},"canonical":"https:\/\/gouxbd.com\/index.php\/a-paraitre\/","og_locale":"fr_FR","og_type":"article","og_title":"Nouveaut\u00e9 BD - Christian Goux","og_description":"Poil de Carotte, d&rsquo;apr\u00e8s Jules Renard \u00ab\u00a0Poil de Carotte\u00a0\u00bb, d&rsquo;apr\u00e8s Jules Renard, \u00e9dit\u00e9 chez Regards 2024 : 44 pages couleurs \u00ab\u00a0Poil de Carotte&nbsp;est une longue nouvelle ou un&nbsp;roman&nbsp;autobiographique&nbsp;de&nbsp;Jules Renard&nbsp;publi\u00e9e en&nbsp;1894, qui raconte l&rsquo;enfance et les d\u00e9boires d&rsquo;un gar\u00e7on&nbsp;roux&nbsp;mal-aim\u00e9.\u00a0\u00bb https:\/\/fr.wikipedia.org\/wiki\/Poil_de_Carotte https:\/\/bdoubliees.com\/editeurs\/regards.html https:\/\/www.bedetheque.com\/serie-88144-BD-Poil-de-Carotte-Goux.html https:\/\/www.bedetheque.com\/BD-Poil-de-Carotte-Goux-Poil-de-Carotte-494312.html A para\u00eetre : \u00ab\u00a0Ubu Roi\u00a0\u00bb, d&rsquo;apr\u00e8s Alfred Jarry \u00ab\u00a0Le petit mus\u00e9e de Sylvestre [&hellip;]","og_url":"https:\/\/gouxbd.com\/index.php\/a-paraitre\/","og_site_name":"Christian Goux","article_modified_time":"2024-03-24T19:38:30+00:00","og_image":[{"width":682,"height":1018,"url":"https:\/\/gouxbd.com\/wp-content\/uploads\/2024\/03\/Couverture-Poil-de-carotte-Christian-Goux.jpg","type":"image\/jpeg"}],"twitter_card":"summary_large_image","twitter_misc":{"Dur\u00e9e de lecture estim\u00e9e":"1 minute"},"schema":{"@context":"https:\/\/schema.org","@graph":[{"@type":"WebPage","@id":"https:\/\/gouxbd.com\/index.php\/a-paraitre\/","url":"https:\/\/gouxbd.com\/index.php\/a-paraitre\/","name":"Nouveaut\u00e9 BD - Christian Goux","isPartOf":{"@id":"https:\/\/gouxbd.com\/#website"},"datePublished":"2023-09-02T21:11:02+00:00","dateModified":"2024-03-24T19:38:30+00:00","breadcrumb":{"@id":"https:\/\/gouxbd.com\/index.php\/a-paraitre\/#breadcrumb"},"inLanguage":"fr-FR","potentialAction":[{"@type":"ReadAction","target":["https:\/\/gouxbd.com\/index.php\/a-paraitre\/"]}]},{"@type":"BreadcrumbList","@id":"https:\/\/gouxbd.com\/index.php\/a-paraitre\/#breadcrumb","itemListElement":[{"@type":"ListItem","position":1,"name":"Accueil","item":"https:\/\/gouxbd.com\/"},{"@type":"ListItem","position":2,"name":"Nouveaut\u00e9 BD"}]},{"@type":"WebSite","@id":"https:\/\/gouxbd.com\/#website","url":"https:\/\/gouxbd.com\/","name":"Christian Goux","description":"Le site officiel de Christian Goux - Albums BD","publisher":{"@id":"https:\/\/gouxbd.com\/#organization"},"potentialAction":[{"@type":"SearchAction","target":{"@type":"EntryPoint","urlTemplate":"https:\/\/gouxbd.com\/?s={search_term_string}"},"query-input":"required name=search_term_string"}],"inLanguage":"fr-FR"},{"@type":"Organization","@id":"https:\/\/gouxbd.com\/#organization","name":"Christian Goux","url":"https:\/\/gouxbd.com\/","logo":{"@type":"ImageObject","inLanguage":"fr-FR","@id":"https:\/\/gouxbd.com\/#\/schema\/logo\/image\/","url":"https:\/\/gouxbd.com\/wp-content\/uploads\/2024\/01\/cropped-logo_goux_detoure_hd_2024-1.png","contentUrl":"https:\/\/gouxbd.com\/wp-content\/uploads\/2024\/01\/cropped-logo_goux_detoure_hd_2024-1.png","width":57,"height":90,"caption":"Christian Goux"},"image":{"@id":"https:\/\/gouxbd.com\/#\/schema\/logo\/image\/"}}]}},"_links":{"self":[{"href":"https:\/\/gouxbd.com\/index.php\/wp-json\/wp\/v2\/pages\/172"}],"collection":[{"href":"https:\/\/gouxbd.com\/index.php\/wp-json\/wp\/v2\/pages"}],"about":[{"href":"https:\/\/gouxbd.com\/index.php\/wp-json\/wp\/v2\/types\/page"}],"author":[{"embeddable":true,"href":"https:\/\/gouxbd.com\/index.php\/wp-json\/wp\/v2\/users\/2"}],"replies":[{"embeddable":true,"href":"https:\/\/gouxbd.com\/index.php\/wp-json\/wp\/v2\/comments?post=172"}],"version-history":[{"count":17,"href":"https:\/\/gouxbd.com\/index.php\/wp-json\/wp\/v2\/pages\/172\/revisions"}],"predecessor-version":[{"id":964,"href":"https:\/\/gouxbd.com\/index.php\/wp-json\/wp\/v2\/pages\/172\/revisions\/964"}],"wp:featuredmedia":[{"embeddable":true,"href":"https:\/\/gouxbd.com\/index.php\/wp-json\/wp\/v2\/media\/953"}],"wp:attachment":[{"href":"https:\/\/gouxbd.com\/index.php\/wp-json\/wp\/v2\/media?parent=172"}],"curies":[{"name":"wp","href":"https:\/\/api.w.org\/{rel}","templated":true}]}}